{"id":1780,"date":"2024-01-24T11:18:59","date_gmt":"2024-01-24T11:18:59","guid":{"rendered":"https:\/\/xn--luiscervio-19a.com\/instalacions\/"},"modified":"2024-01-24T12:17:43","modified_gmt":"2024-01-24T12:17:43","slug":"instalacions","status":"publish","type":"page","link":"https:\/\/xn--luiscervio-19a.com\/gl\/instalacions\/","title":{"rendered":"Instalaci\u00f3ns"},"content":{"rendered":"\t\t<div data-elementor-type=\"wp-page\" data-elementor-id=\"1780\" class=\"elementor elementor-1780\">\n\t\t\t\t<div class=\"elementor-element elementor-element-f4d9490 e-flex e-con-boxed e-con e-parent\" data-id=\"f4d9490\" data-element_type=\"container\" data-settings=\"{&quot;background_background&quot;:&quot;classic&quot;}\">\n\t\t\t\t\t<div class=\"e-con-inner\">\n\t\t<div class=\"elementor-element elementor-element-c96e9d6 e-con-full e-flex e-con e-child\" data-id=\"c96e9d6\" data-element_type=\"container\">\n\t\t\t\t<div class=\"elementor-element elementor-element-f5d6539 elementor-widget elementor-widget-heading\" data-id=\"f5d6539\" data-element_type=\"widget\" data-widget_type=\"heading.default\">\n\t\t\t\t<div class=\"elementor-widget-container\">\n\t\t\t\t\t<h1 class=\"elementor-heading-title elementor-size-default\">Instalaci\u00f3ns<\/h1>\t\t\t\t<\/div>\n\t\t\t\t<\/div>\n\t\t\t\t<div class=\"elementor-element elementor-element-beb3a30 elementor-widget-divider--view-line elementor-widget elementor-widget-divider\" data-id=\"beb3a30\" data-element_type=\"widget\" data-widget_type=\"divider.default\">\n\t\t\t\t<div class=\"elementor-widget-container\">\n\t\t\t\t\t\t\t<div class=\"elementor-divider\">\n\t\t\t<span class=\"elementor-divider-separator\">\n\t\t\t\t\t\t<\/span>\n\t\t<\/div>\n\t\t\t\t\t\t<\/div>\n\t\t\t\t<\/div>\n\t\t\t\t<\/div>\n\t\t\t\t\t<\/div>\n\t\t\t\t<\/div>\n\t\t<div class=\"elementor-element elementor-element-56a06ef e-flex e-con-boxed e-con e-parent\" data-id=\"56a06ef\" data-element_type=\"container\" data-settings=\"{&quot;background_background&quot;:&quot;classic&quot;}\">\n\t\t\t\t\t<div class=\"e-con-inner\">\n\t\t<div class=\"elementor-element elementor-element-ee311c3 e-con-full e-flex e-con e-child\" data-id=\"ee311c3\" data-element_type=\"container\">\n\t\t\t\t<div class=\"elementor-element elementor-element-e5773cb elementor-widget elementor-widget-image\" data-id=\"e5773cb\" data-element_type=\"widget\" data-widget_type=\"image.default\">\n\t\t\t\t<div class=\"elementor-widget-container\">\n\t\t\t\t\t\t\t\t\t\t\t\t\t\t\t<img fetchpriority=\"high\" decoding=\"async\" width=\"1024\" height=\"532\" src=\"https:\/\/xn--luiscervio-19a.com\/wp-content\/uploads\/2024\/01\/Diseno-sin-titulo-2024-01-24T115251.222.jpg\" class=\"attachment-large size-large wp-image-1659\" alt=\"\" srcset=\"https:\/\/xn--luiscervio-19a.com\/wp-content\/uploads\/2024\/01\/Diseno-sin-titulo-2024-01-24T115251.222.jpg 1024w, https:\/\/xn--luiscervio-19a.com\/wp-content\/uploads\/2024\/01\/Diseno-sin-titulo-2024-01-24T115251.222-300x156.jpg 300w, https:\/\/xn--luiscervio-19a.com\/wp-content\/uploads\/2024\/01\/Diseno-sin-titulo-2024-01-24T115251.222-768x399.jpg 768w\" sizes=\"(max-width: 1024px) 100vw, 1024px\" \/>\t\t\t\t\t\t\t\t\t\t\t\t\t\t\t<\/div>\n\t\t\t\t<\/div>\n\t\t\t\t<div class=\"elementor-element elementor-element-cc720f8 elementor-widget elementor-widget-heading\" data-id=\"cc720f8\" data-element_type=\"widget\" data-widget_type=\"heading.default\">\n\t\t\t\t<div class=\"elementor-widget-container\">\n\t\t\t\t\t<h5 class=\"elementor-heading-title elementor-size-default\">Nun mundo onde a eficiencia enerx\u00e9tica e a sustentabilidade son esenciais, as nosas instalaci\u00f3ns ofrecen a soluci\u00f3n perfecta para fogares e empresas. Descubra como as nosas instalaci\u00f3ns eficientes poden marcar a diferenza no seu confort e no seu impacto ambiental<\/h5>\t\t\t\t<\/div>\n\t\t\t\t<\/div>\n\t\t\t\t<\/div>\n\t\t\t\t\t<\/div>\n\t\t\t\t<\/div>\n\t\t<div class=\"elementor-element elementor-element-9c27ca5 e-flex e-con-boxed e-con e-parent\" data-id=\"9c27ca5\" data-element_type=\"container\" data-settings=\"{&quot;background_background&quot;:&quot;classic&quot;}\">\n\t\t\t\t\t<div class=\"e-con-inner\">\n\t\t<div class=\"elementor-element elementor-element-675deee e-con-full e-flex e-con e-child\" data-id=\"675deee\" data-element_type=\"container\">\n\t\t\t\t<div class=\"elementor-element elementor-element-dc8a884 elementor-widget elementor-widget-icon-box\" data-id=\"dc8a884\" data-element_type=\"widget\" data-widget_type=\"icon-box.default\">\n\t\t\t\t<div class=\"elementor-widget-container\">\n\t\t\t\t\t\t\t<div class=\"elementor-icon-box-wrapper\">\n\n\t\t\t\n\t\t\t\t\t\t<div class=\"elementor-icon-box-content\">\n\n\t\t\t\t\t\t\t\t\t<h3 class=\"elementor-icon-box-title\">\n\t\t\t\t\t\t<span  >\n\t\t\t\t\t\t\tInstalaci\u00f3ns\t\t\t\t\t\t<\/span>\n\t\t\t\t\t<\/h3>\n\t\t\t\t\n\t\t\t\t\n\t\t\t<\/div>\n\t\t\t\n\t\t<\/div>\n\t\t\t\t\t\t<\/div>\n\t\t\t\t<\/div>\n\t\t<div class=\"elementor-element elementor-element-a12fe43 e-flex e-con-boxed e-con e-child\" data-id=\"a12fe43\" data-element_type=\"container\">\n\t\t\t\t\t<div class=\"e-con-inner\">\n\t\t<div class=\"elementor-element elementor-element-6fff002 e-con-full e-flex e-con e-child\" data-id=\"6fff002\" data-element_type=\"container\" data-settings=\"{&quot;background_background&quot;:&quot;classic&quot;}\">\n\t\t\t\t<div class=\"elementor-element elementor-element-2500213 elementor-position-top elementor-widget elementor-widget-image-box\" data-id=\"2500213\" data-element_type=\"widget\" data-widget_type=\"image-box.default\">\n\t\t\t\t<div class=\"elementor-widget-container\">\n\t\t\t\t\t<div class=\"elementor-image-box-wrapper\"><figure class=\"elementor-image-box-img\"><img decoding=\"async\" width=\"960\" height=\"638\" src=\"https:\/\/xn--luiscervio-19a.com\/wp-content\/uploads\/2024\/01\/Diseno-sin-titulo-2024-01-24T120415.156.jpg\" class=\"attachment-full size-full wp-image-1663\" alt=\"\" srcset=\"https:\/\/xn--luiscervio-19a.com\/wp-content\/uploads\/2024\/01\/Diseno-sin-titulo-2024-01-24T120415.156.jpg 960w, https:\/\/xn--luiscervio-19a.com\/wp-content\/uploads\/2024\/01\/Diseno-sin-titulo-2024-01-24T120415.156-300x199.jpg 300w, https:\/\/xn--luiscervio-19a.com\/wp-content\/uploads\/2024\/01\/Diseno-sin-titulo-2024-01-24T120415.156-768x510.jpg 768w\" sizes=\"(max-width: 960px) 100vw, 960px\" \/><\/figure><div class=\"elementor-image-box-content\"><h5 class=\"elementor-image-box-title\">Instalaci\u00f3ns de gas<\/h5><p class=\"elementor-image-box-description\">Os nosos servizos de instalaci\u00f3n de sistemas de gas est\u00e1n dese\u00f1ados para proporcionar seguridade e eficiencia na s\u00faa casa ou negocio. Os nosos expertos certificados garanten que o seu sistema de gas est\u00e1 instalado con precisi\u00f3n e cumpre os m\u00e1is estritos est\u00e1ndares de seguridade.<\/p><\/div><\/div>\t\t\t\t<\/div>\n\t\t\t\t<\/div>\n\t\t\t\t<\/div>\n\t\t<div class=\"elementor-element elementor-element-e110253 e-con-full e-flex e-con e-child\" data-id=\"e110253\" data-element_type=\"container\" data-settings=\"{&quot;background_background&quot;:&quot;classic&quot;}\">\n\t\t\t\t<div class=\"elementor-element elementor-element-07227da elementor-position-top elementor-widget elementor-widget-image-box\" data-id=\"07227da\" data-element_type=\"widget\" data-widget_type=\"image-box.default\">\n\t\t\t\t<div class=\"elementor-widget-container\">\n\t\t\t\t\t<div class=\"elementor-image-box-wrapper\"><figure class=\"elementor-image-box-img\"><img decoding=\"async\" width=\"960\" height=\"638\" src=\"https:\/\/xn--luiscervio-19a.com\/wp-content\/uploads\/2024\/01\/Diseno-sin-titulo-2024-01-24T120506.284.jpg\" class=\"attachment-full size-full wp-image-1662\" alt=\"\" srcset=\"https:\/\/xn--luiscervio-19a.com\/wp-content\/uploads\/2024\/01\/Diseno-sin-titulo-2024-01-24T120506.284.jpg 960w, https:\/\/xn--luiscervio-19a.com\/wp-content\/uploads\/2024\/01\/Diseno-sin-titulo-2024-01-24T120506.284-300x199.jpg 300w, https:\/\/xn--luiscervio-19a.com\/wp-content\/uploads\/2024\/01\/Diseno-sin-titulo-2024-01-24T120506.284-768x510.jpg 768w\" sizes=\"(max-width: 960px) 100vw, 960px\" \/><\/figure><div class=\"elementor-image-box-content\"><h5 class=\"elementor-image-box-title\">Calefacci\u00f3n<\/h5><p class=\"elementor-image-box-description\">A instalaci\u00f3n de sistemas de calefacci\u00f3n \u00e9 fundamental para manter un ambiente c\u00e1lido e acolledor durante os meses m\u00e1is fr\u00edos. Os nosos servizos de instalaci\u00f3n de calefacci\u00f3n c\u00e9ntranse na comodidade do teu espazo e na optimizaci\u00f3n do consumo enerx\u00e9tico, o que se traduce nun importante aforro a longo prazo.<\/p><\/div><\/div>\t\t\t\t<\/div>\n\t\t\t\t<\/div>\n\t\t\t\t<\/div>\n\t\t<div class=\"elementor-element elementor-element-82d1703 e-con-full e-flex e-con e-child\" data-id=\"82d1703\" data-element_type=\"container\" data-settings=\"{&quot;background_background&quot;:&quot;classic&quot;}\">\n\t\t\t\t<div class=\"elementor-element elementor-element-c67468f elementor-position-top elementor-widget elementor-widget-image-box\" data-id=\"c67468f\" data-element_type=\"widget\" data-widget_type=\"image-box.default\">\n\t\t\t\t<div class=\"elementor-widget-container\">\n\t\t\t\t\t<div class=\"elementor-image-box-wrapper\"><figure class=\"elementor-image-box-img\"><img loading=\"lazy\" decoding=\"async\" width=\"960\" height=\"638\" src=\"https:\/\/xn--luiscervio-19a.com\/wp-content\/uploads\/2024\/01\/Diseno-sin-titulo-2024-01-24T120532.814.jpg\" class=\"attachment-full size-full wp-image-1661\" alt=\"\" srcset=\"https:\/\/xn--luiscervio-19a.com\/wp-content\/uploads\/2024\/01\/Diseno-sin-titulo-2024-01-24T120532.814.jpg 960w, https:\/\/xn--luiscervio-19a.com\/wp-content\/uploads\/2024\/01\/Diseno-sin-titulo-2024-01-24T120532.814-300x199.jpg 300w, https:\/\/xn--luiscervio-19a.com\/wp-content\/uploads\/2024\/01\/Diseno-sin-titulo-2024-01-24T120532.814-768x510.jpg 768w\" sizes=\"(max-width: 960px) 100vw, 960px\" \/><\/figure><div class=\"elementor-image-box-content\"><h5 class=\"elementor-image-box-title\">Aire acondicionado<\/h5><p class=\"elementor-image-box-description\">A climatizaci\u00f3n adecuada \u00e9 fundamental para manter un ambiente fresco e saudable no ver\u00e1n e c\u00e1lido no inverno. Os nosos expertos en climatizaci\u00f3n enc\u00e1rganse de instalar sistemas que garantan un control preciso da temperatura e da calidade do aire, proporcionando un ambiente interior perfecto en calquera \u00e9poca do ano.<\/p><\/div><\/div>\t\t\t\t<\/div>\n\t\t\t\t<\/div>\n\t\t\t\t<\/div>\n\t\t\t\t\t<\/div>\n\t\t\t\t<\/div>\n\t\t<div class=\"elementor-element elementor-element-0efb5fc e-flex e-con-boxed e-con e-child\" data-id=\"0efb5fc\" data-element_type=\"container\">\n\t\t\t\t\t<div class=\"e-con-inner\">\n\t\t<div class=\"elementor-element elementor-element-54ebf46 e-con-full e-flex e-con e-child\" data-id=\"54ebf46\" data-element_type=\"container\" data-settings=\"{&quot;background_background&quot;:&quot;classic&quot;}\">\n\t\t\t\t<div class=\"elementor-element elementor-element-0f8a28a elementor-position-top elementor-widget elementor-widget-image-box\" data-id=\"0f8a28a\" data-element_type=\"widget\" data-widget_type=\"image-box.default\">\n\t\t\t\t<div class=\"elementor-widget-container\">\n\t\t\t\t\t<div class=\"elementor-image-box-wrapper\"><figure class=\"elementor-image-box-img\"><img loading=\"lazy\" decoding=\"async\" width=\"960\" height=\"638\" src=\"https:\/\/xn--luiscervio-19a.com\/wp-content\/uploads\/2024\/01\/Diseno-sin-titulo-2024-01-24T120602.293.jpg\" class=\"attachment-full size-full wp-image-1660\" alt=\"\" srcset=\"https:\/\/xn--luiscervio-19a.com\/wp-content\/uploads\/2024\/01\/Diseno-sin-titulo-2024-01-24T120602.293.jpg 960w, https:\/\/xn--luiscervio-19a.com\/wp-content\/uploads\/2024\/01\/Diseno-sin-titulo-2024-01-24T120602.293-300x199.jpg 300w, https:\/\/xn--luiscervio-19a.com\/wp-content\/uploads\/2024\/01\/Diseno-sin-titulo-2024-01-24T120602.293-768x510.jpg 768w\" sizes=\"(max-width: 960px) 100vw, 960px\" \/><\/figure><div class=\"elementor-image-box-content\"><h5 class=\"elementor-image-box-title\">Enerx\u00edas renovables<\/h5><p class=\"elementor-image-box-description\">A nosa especialidade en instalaci\u00f3n de enerx\u00edas renovables ofrece unha soluci\u00f3n sostible para as s\u00faas necesidades enerx\u00e9ticas. Desde aerotermia e xeot\u00e9rmica ata biomasa, solar t\u00e9rmica e fotovoltaica, as nosas instalaci\u00f3ns c\u00e9ntranse na sustentabilidade e no aforro a longo prazo. Axud\u00e1mosche a adoptar fontes de enerx\u00eda limpas e eficientes para un futuro m\u00e1is ecol\u00f3xico e econ\u00f3mico.<\/p><\/div><\/div>\t\t\t\t<\/div>\n\t\t\t\t<\/div>\n\t\t\t\t<\/div>\n\t\t<div class=\"elementor-element elementor-element-2e8d38e e-con-full e-flex e-con e-child\" data-id=\"2e8d38e\" data-element_type=\"container\" data-settings=\"{&quot;background_background&quot;:&quot;classic&quot;}\">\n\t\t\t\t<div class=\"elementor-element elementor-element-2a2d374 elementor-widget elementor-widget-spacer\" data-id=\"2a2d374\" data-element_type=\"widget\" data-widget_type=\"spacer.default\">\n\t\t\t\t<div class=\"elementor-widget-container\">\n\t\t\t\t\t\t\t<div class=\"elementor-spacer\">\n\t\t\t<div class=\"elementor-spacer-inner\"><\/div>\n\t\t<\/div>\n\t\t\t\t\t\t<\/div>\n\t\t\t\t<\/div>\n\t\t\t\t<div class=\"elementor-element elementor-element-85ae6fe elementor-absolute elementor-widget elementor-widget-image\" data-id=\"85ae6fe\" data-element_type=\"widget\" data-settings=\"{&quot;_position&quot;:&quot;absolute&quot;}\" data-widget_type=\"image.default\">\n\t\t\t\t<div class=\"elementor-widget-container\">\n\t\t\t\t\t\t\t\t\t\t\t\t\t\t\t<img loading=\"lazy\" decoding=\"async\" width=\"300\" height=\"300\" src=\"https:\/\/xn--luiscervio-19a.com\/wp-content\/uploads\/2024\/01\/Sonos-C-Rua-da-liberdade76-SARRIA-3-300x300.png\" class=\"attachment-medium size-medium wp-image-1664\" alt=\"\" srcset=\"https:\/\/xn--luiscervio-19a.com\/wp-content\/uploads\/2024\/01\/Sonos-C-Rua-da-liberdade76-SARRIA-3-300x300.png 300w, https:\/\/xn--luiscervio-19a.com\/wp-content\/uploads\/2024\/01\/Sonos-C-Rua-da-liberdade76-SARRIA-3-e1706094854100-150x150.png 150w\" sizes=\"(max-width: 300px) 100vw, 300px\" \/>\t\t\t\t\t\t\t\t\t\t\t\t\t\t\t<\/div>\n\t\t\t\t<\/div>\n\t\t\t\t<div class=\"elementor-element elementor-element-d61f8f6 elementor-widget__width-initial elementor-widget elementor-widget-heading\" data-id=\"d61f8f6\" data-element_type=\"widget\" data-widget_type=\"heading.default\">\n\t\t\t\t<div class=\"elementor-widget-container\">\n\t\t\t\t\t<h2 class=\"elementor-heading-title elementor-size-large\">  Conf\u00eda en n\u00f3s para levar a cabo os teus proxectos de instalaci\u00f3n con excelencia e profesionalidade!<\/h2>\t\t\t\t<\/div>\n\t\t\t\t<\/div>\n\t\t\t\t<\/div>\n\t\t<div class=\"elementor-element elementor-element-20ac88c e-con-full e-flex e-con e-child\" data-id=\"20ac88c\" data-element_type=\"container\" data-settings=\"{&quot;background_background&quot;:&quot;classic&quot;}\">\n\t\t\t\t<\/div>\n\t\t\t\t\t<\/div>\n\t\t\t\t<\/div>\n\t\t\t\t<\/div>\n\t\t\t\t\t<\/div>\n\t\t\t\t<\/div>\n\t\t<div class=\"elementor-element elementor-element-d3b1be2 e-flex e-con-boxed e-con e-parent\" data-id=\"d3b1be2\" data-element_type=\"container\" data-settings=\"{&quot;background_background&quot;:&quot;classic&quot;}\">\n\t\t\t\t\t<div class=\"e-con-inner\">\n\t\t<div class=\"elementor-element elementor-element-f67fa70 e-con-full e-flex e-con e-child\" data-id=\"f67fa70\" data-element_type=\"container\">\n\t\t\t\t<div class=\"elementor-element elementor-element-559fa0e elementor-position-left elementor-view-default elementor-mobile-position-top elementor-widget elementor-widget-icon-box\" data-id=\"559fa0e\" data-element_type=\"widget\" data-widget_type=\"icon-box.default\">\n\t\t\t\t<div class=\"elementor-widget-container\">\n\t\t\t\t\t\t\t<div class=\"elementor-icon-box-wrapper\">\n\n\t\t\t\t\t\t<div class=\"elementor-icon-box-icon\">\n\t\t\t\t<span  class=\"elementor-icon\">\n\t\t\t\t<svg aria-hidden=\"true\" class=\"e-font-icon-svg e-fas-location-arrow\" viewBox=\"0 0 512 512\" xmlns=\"http:\/\/www.w3.org\/2000\/svg\"><path d=\"M444.52 3.52L28.74 195.42c-47.97 22.39-31.98 92.75 19.19 92.75h175.91v175.91c0 51.17 70.36 67.17 92.75 19.19l191.9-415.78c15.99-38.39-25.59-79.97-63.97-63.97z\"><\/path><\/svg>\t\t\t\t<\/span>\n\t\t\t<\/div>\n\t\t\t\n\t\t\t\t\t\t<div class=\"elementor-icon-box-content\">\n\n\t\t\t\t\t\t\t\t\t<h6 class=\"elementor-icon-box-title\">\n\t\t\t\t\t\t<span  >\n\t\t\t\t\t\t\tEnderezo:\t\t\t\t\t\t<\/span>\n\t\t\t\t\t<\/h6>\n\t\t\t\t\n\t\t\t\t\t\t\t\t\t<p class=\"elementor-icon-box-description\">\n\t\t\t\t\t\tR\u00faa Benigno Quiroga, 18\n27600 - Sarria (Lugo)\t\t\t\t\t<\/p>\n\t\t\t\t\n\t\t\t<\/div>\n\t\t\t\n\t\t<\/div>\n\t\t\t\t\t\t<\/div>\n\t\t\t\t<\/div>\n\t\t\t\t<\/div>\n\t\t<div class=\"elementor-element elementor-element-3445021 e-con-full e-flex e-con e-child\" data-id=\"3445021\" data-element_type=\"container\">\n\t\t\t\t<div class=\"elementor-element elementor-element-d100af1 elementor-position-left elementor-view-default elementor-mobile-position-top elementor-widget elementor-widget-icon-box\" data-id=\"d100af1\" data-element_type=\"widget\" data-widget_type=\"icon-box.default\">\n\t\t\t\t<div class=\"elementor-widget-container\">\n\t\t\t\t\t\t\t<div class=\"elementor-icon-box-wrapper\">\n\n\t\t\t\t\t\t<div class=\"elementor-icon-box-icon\">\n\t\t\t\t<span  class=\"elementor-icon\">\n\t\t\t\t<svg aria-hidden=\"true\" class=\"e-font-icon-svg e-fas-mail-bulk\" viewBox=\"0 0 576 512\" xmlns=\"http:\/\/www.w3.org\/2000\/svg\"><path d=\"M160 448c-25.6 0-51.2-22.4-64-32-64-44.8-83.2-60.8-96-70.4V480c0 17.67 14.33 32 32 32h256c17.67 0 32-14.33 32-32V345.6c-12.8 9.6-32 25.6-96 70.4-12.8 9.6-38.4 32-64 32zm128-192H32c-17.67 0-32 14.33-32 32v16c25.6 19.2 22.4 19.2 115.2 86.4 9.6 6.4 28.8 25.6 44.8 25.6s35.2-19.2 44.8-22.4c92.8-67.2 89.6-67.2 115.2-86.4V288c0-17.67-14.33-32-32-32zm256-96H224c-17.67 0-32 14.33-32 32v32h96c33.21 0 60.59 25.42 63.71 57.82l.29-.22V416h192c17.67 0 32-14.33 32-32V192c0-17.67-14.33-32-32-32zm-32 128h-64v-64h64v64zm-352-96c0-35.29 28.71-64 64-64h224V32c0-17.67-14.33-32-32-32H96C78.33 0 64 14.33 64 32v192h96v-32z\"><\/path><\/svg>\t\t\t\t<\/span>\n\t\t\t<\/div>\n\t\t\t\n\t\t\t\t\t\t<div class=\"elementor-icon-box-content\">\n\n\t\t\t\t\t\t\t\t\t<h6 class=\"elementor-icon-box-title\">\n\t\t\t\t\t\t<span  >\n\t\t\t\t\t\t\tCorreo electr\u00f3nico:\t\t\t\t\t\t<\/span>\n\t\t\t\t\t<\/h6>\n\t\t\t\t\n\t\t\t\t\t\t\t\t\t<p class=\"elementor-icon-box-description\">\n\t\t\t\t\t\tinfo@luiscervi\u00f1o.com\t\t\t\t\t<\/p>\n\t\t\t\t\n\t\t\t<\/div>\n\t\t\t\n\t\t<\/div>\n\t\t\t\t\t\t<\/div>\n\t\t\t\t<\/div>\n\t\t\t\t<\/div>\n\t\t<div class=\"elementor-element elementor-element-84a379f e-con-full e-flex e-con e-child\" data-id=\"84a379f\" data-element_type=\"container\">\n\t\t\t\t<div class=\"elementor-element elementor-element-02b88a5 elementor-position-left elementor-view-default elementor-mobile-position-top elementor-widget elementor-widget-icon-box\" data-id=\"02b88a5\" data-element_type=\"widget\" data-widget_type=\"icon-box.default\">\n\t\t\t\t<div class=\"elementor-widget-container\">\n\t\t\t\t\t\t\t<div class=\"elementor-icon-box-wrapper\">\n\n\t\t\t\t\t\t<div class=\"elementor-icon-box-icon\">\n\t\t\t\t<span  class=\"elementor-icon\">\n\t\t\t\t<svg aria-hidden=\"true\" class=\"e-font-icon-svg e-fas-phone-alt\" viewBox=\"0 0 512 512\" xmlns=\"http:\/\/www.w3.org\/2000\/svg\"><path d=\"M497.39 361.8l-112-48a24 24 0 0 0-28 6.9l-49.6 60.6A370.66 370.66 0 0 1 130.6 204.11l60.6-49.6a23.94 23.94 0 0 0 6.9-28l-48-112A24.16 24.16 0 0 0 122.6.61l-104 24A24 24 0 0 0 0 48c0 256.5 207.9 464 464 464a24 24 0 0 0 23.4-18.6l24-104a24.29 24.29 0 0 0-14.01-27.6z\"><\/path><\/svg>\t\t\t\t<\/span>\n\t\t\t<\/div>\n\t\t\t\n\t\t\t\t\t\t<div class=\"elementor-icon-box-content\">\n\n\t\t\t\t\t\t\t\t\t<h6 class=\"elementor-icon-box-title\">\n\t\t\t\t\t\t<span  >\n\t\t\t\t\t\t\tTel\u00e9fono:\t\t\t\t\t\t<\/span>\n\t\t\t\t\t<\/h6>\n\t\t\t\t\n\t\t\t\t\t\t\t\t\t<p class=\"elementor-icon-box-description\">\n\t\t\t\t\t\t982 530 179\n670 490 084\t\t\t\t\t<\/p>\n\t\t\t\t\n\t\t\t<\/div>\n\t\t\t\n\t\t<\/div>\n\t\t\t\t\t\t<\/div>\n\t\t\t\t<\/div>\n\t\t\t\t<\/div>\n\t\t\t\t\t<\/div>\n\t\t\t\t<\/div>\n\t\t\t\t<\/div>\n\t\t","protected":false},"excerpt":{"rendered":"<p>Instalaci\u00f3ns Nun mundo onde a eficiencia enerx\u00e9tica e a sustentabilidade son esenciais, as nosas instalaci\u00f3ns ofrecen a soluci\u00f3n perfecta para fogares e empresas. Descubra como as nosas instalaci\u00f3ns eficientes poden marcar a diferenza no seu confort e no seu impacto ambiental Instalaci\u00f3ns Instalaci\u00f3ns de gas Os nosos servizos de instalaci\u00f3n de sistemas de gas est\u00e1n [&hellip;]<\/p>\n","protected":false},"author":1,"featured_media":0,"parent":0,"menu_order":0,"comment_status":"closed","ping_status":"closed","template":"","meta":{"site-sidebar-layout":"no-sidebar","site-content-layout":"page-builder","ast-site-content-layout":"default","site-content-style":"default","site-sidebar-style":"default","ast-global-header-display":"","ast-banner-title-visibility":"","ast-main-header-display":"","ast-hfb-above-header-display":"","ast-hfb-below-header-display":"","ast-hfb-mobile-header-display":"","site-post-title":"disabled","ast-breadcrumbs-content":"disabled","ast-featured-img":"disabled","footer-sml-layout":"","theme-transparent-header-meta":"enabled","adv-header-id-meta":"","stick-header-meta":"","header-above-stick-meta":"","header-main-stick-meta":"","header-below-stick-meta":"","astra-migrate-meta-layouts":"default","ast-page-background-enabled":"default","ast-page-background-meta":{"desktop":{"background-color":"","background-image":"","background-repeat":"repeat","background-position":"center center","background-size":"auto","background-attachment":"scroll","background-type":"","background-media":"","overlay-type":"","overlay-color":"","overlay-opacity":"","overlay-gradient":""},"tablet":{"background-color":"","background-image":"","background-repeat":"repeat","background-position":"center center","background-size":"auto","background-attachment":"scroll","background-type":"","background-media":"","overlay-type":"","overlay-color":"","overlay-opacity":"","overlay-gradient":""},"mobile":{"background-color":"","background-image":"","background-repeat":"repeat","background-position":"center center","background-size":"auto","background-attachment":"scroll","background-type":"","background-media":"","overlay-type":"","overlay-color":"","overlay-opacity":"","overlay-gradient":""}},"ast-content-background-meta":{"desktop":{"background-color":"var(--ast-global-color-5)","background-image":"","background-repeat":"repeat","background-position":"center center","background-size":"auto","background-attachment":"scroll","background-type":"","background-media":"","overlay-type":"","overlay-color":"","overlay-opacity":"","overlay-gradient":""},"tablet":{"background-color":"var(--ast-global-color-5)","background-image":"","background-repeat":"repeat","background-position":"center center","background-size":"auto","background-attachment":"scroll","background-type":"","background-media":"","overlay-type":"","overlay-color":"","overlay-opacity":"","overlay-gradient":""},"mobile":{"background-color":"var(--ast-global-color-5)","background-image":"","background-repeat":"repeat","background-position":"center center","background-size":"auto","background-attachment":"scroll","background-type":"","background-media":"","overlay-type":"","overlay-color":"","overlay-opacity":"","overlay-gradient":""}},"footnotes":""},"class_list":["post-1780","page","type-page","status-publish","hentry"],"_links":{"self":[{"href":"https:\/\/xn--luiscervio-19a.com\/gl\/wp-json\/wp\/v2\/pages\/1780","targetHints":{"allow":["GET"]}}],"collection":[{"href":"https:\/\/xn--luiscervio-19a.com\/gl\/wp-json\/wp\/v2\/pages"}],"about":[{"href":"https:\/\/xn--luiscervio-19a.com\/gl\/wp-json\/wp\/v2\/types\/page"}],"author":[{"embeddable":true,"href":"https:\/\/xn--luiscervio-19a.com\/gl\/wp-json\/wp\/v2\/users\/1"}],"replies":[{"embeddable":true,"href":"https:\/\/xn--luiscervio-19a.com\/gl\/wp-json\/wp\/v2\/comments?post=1780"}],"version-history":[{"count":5,"href":"https:\/\/xn--luiscervio-19a.com\/gl\/wp-json\/wp\/v2\/pages\/1780\/revisions"}],"predecessor-version":[{"id":1806,"href":"https:\/\/xn--luiscervio-19a.com\/gl\/wp-json\/wp\/v2\/pages\/1780\/revisions\/1806"}],"wp:attachment":[{"href":"https:\/\/xn--luiscervio-19a.com\/gl\/wp-json\/wp\/v2\/media?parent=1780"}],"curies":[{"name":"wp","href":"https:\/\/api.w.org\/{rel}","templated":true}]}}